{"id":6,"date":"2020-10-12T18:46:01","date_gmt":"2020-10-12T16:46:01","guid":{"rendered":"http:\/\/damas.biebeler.com\/?page_id=6"},"modified":"2025-10-04T12:17:45","modified_gmt":"2025-10-04T10:17:45","slug":"impressum","status":"publish","type":"page","link":"https:\/\/damasalemanas.de\/esp\/impressum\/","title":{"rendered":"Pie de imprenta"},"content":{"rendered":"<h3 class=\"wp-block-heading\"><strong>Angaben gem\u00e4\u00df \u00a7 5 TMG<\/strong><\/h3>\n\n\n\n<p>Damas Alemanas Ecuador Deutschland e.V.<br>Wolfertsbronn 33<br>91550 Dinkelsb\u00fchl<\/p>\n\n\n\n<h3 class=\"wp-block-heading\"><strong>Contacto<\/strong><\/h3>\n\n\n\n<p>E-Mail: damasalemanas@yahoo.com<\/p>\n\n\n\n<h3 class=\"wp-block-heading\"><strong>Texte verfasst von<\/strong><\/h3>\n\n\n\n<p><a href=\"https:\/\/benitaschauer.de\/\">Benita Schauer<\/a>, au\u00dfer<br><a href=\"https:\/\/damasalemanas.de\/esp\/weihnachtsbasar-2023-der-damas-alemanas\/\">Weihnachtsbasar 2023 der Damas Alemanas am 02.12.2023<\/a><br><a href=\"https:\/\/damasalemanas.de\/esp\/einladung-zum-pba-benefizkonzert-am-26-juni-2024-um-19-00-uhr\/\">Einladung zum PBA-Benefizkonzert am 26. Juni 2024 um 19.00 Uhr<\/a><br><a href=\"https:\/\/damasalemanas.de\/esp\/damas-mit-eigener-website\/\">Damas mit eigener Website<\/a><br><a href=\"https:\/\/damasalemanas.de\/esp\/neues-sozialprojekt-in-san-roque-finanzierung-durch-die-damas-alemanas-mit-hilfe-des-deutschen-spendenprogramms-cents-for-help-e-v\/\">Neues Sozialprojekt in San Roque: Finanzierung durch die Damas Alemanas mit Hilfe des deutschen Spendenprogramms Cents for help e.V.<\/a><\/p>\n\n\n\n<h3 class=\"wp-block-heading\"><strong>Verantwortlich f\u00fcr den Inhalt nach \u00a7 55 Abs. 2 RStV<\/strong><\/h3>\n\n\n\n<p>Damas Alemanas Ecuador Deutschland e.V.<br>Wolfertsbronn 33<br>91550 Dinkelsb\u00fchl<\/p>\n\n\n\n<h3 class=\"wp-block-heading\"><strong>Haftung f\u00fcr Inhalte<\/strong><\/h3>\n\n\n\n<p>Als Diensteanbieter sind wir gem\u00e4\u00df \u00a7 7 Abs.1 TMG f\u00fcr eigene Inhalte auf diesen Seiten nach den allgemeinen Gesetzen verantwortlich. Nach \u00a7\u00a7 8 bis 10 TMG sind wir als Diensteanbieter jedoch nicht verpflichtet, \u00fcbermittelte oder gespeicherte fremde Informationen zu \u00fcberwachen oder nach Umst\u00e4nden zu forschen, die auf eine rechtswidrige T\u00e4tigkeit hinweisen.<\/p>\n\n\n\n<p>Verpflichtungen zur Entfernung oder Sperrung der Nutzung von Informationen nach den allgemeinen Gesetzen bleiben hiervon unber\u00fchrt. Eine diesbez\u00fcgliche Haftung ist jedoch erst ab dem Zeitpunkt der Kenntnis einer konkreten Rechtsverletzung m\u00f6glich. Bei Bekanntwerden von entsprechenden Rechtsverletzungen werden wir diese Inhalte umgehend entfernen.<\/p>\n\n\n\n<h3 class=\"wp-block-heading\"><strong>Haftung f\u00fcr Links<\/strong><\/h3>\n\n\n\n<p>Unser Angebot enth\u00e4lt Links zu externen Websites Dritter, auf deren Inhalte wir keinen Einfluss haben. Deshalb k\u00f6nnen wir f\u00fcr diese fremden Inhalte auch keine Gew\u00e4hr \u00fcbernehmen. F\u00fcr die Inhalte der verlinkten Seiten ist stets der jeweilige Anbieter oder Betreiber der Seiten verantwortlich. Die verlinkten Seiten wurden zum Zeitpunkt der Verlinkung auf m\u00f6gliche Rechtsverst\u00f6\u00dfe \u00fcberpr\u00fcft. Rechtswidrige Inhalte waren zum Zeitpunkt der Verlinkung nicht erkennbar. Eine permanente inhaltliche Kontrolle der verlinkten Seiten ist jedoch ohne konkrete Anhaltspunkte einer Rechtsverletzung nicht zumutbar. Bei Bekanntwerden von Rechtsverletzungen werden wir derartige Links umgehend entfernen.<\/p>\n\n\n\n<h3 class=\"wp-block-heading\"><strong>Urheberrecht<\/strong><\/h3>\n\n\n\n<p>Die durch die Seitenbetreiber erstellten Inhalte und Werke auf diesen Seiten unterliegen dem deutschen Urheberrecht. Die Vervielf\u00e4ltigung, Bearbeitung, Verbreitung und jede Art der Verwertung au\u00dferhalb der Grenzen des Urheberrechtes bed\u00fcrfen der schriftlichen Zustimmung des jeweiligen Autors bzw. Erstellers. Downloads und Kopien dieser Seite sind nur f\u00fcr den privaten, nicht kommerziellen Gebrauch gestattet.<\/p>\n\n\n\n<p>Soweit die Inhalte auf dieser Seite nicht vom Betreiber erstellt wurden, werden die Urheberrechte Dritter beachtet. Insbesondere werden Inhalte Dritter als solche gekennzeichnet. Sollten Sie trotzdem auf eine Urheberrechtsverletzung aufmerksam werden, bitten wir um einen entsprechenden Hinweis. Bei Bekanntwerden von Rechtsverletzungen werden wir derartige Inhalte umgehend entfernen.<\/p>\n\n\n\n<h3 class=\"wp-block-heading\">Bildnachweise<\/h3>\n\n\n\n<p>Auf dieser Website befinden sich u.a. Bilder folgender Urheber:<br><br>\u2022 Derzeit keine, die nicht direkt unter dem Foto genannt wurden.<\/p>\n\n\n\n<h3 class=\"wp-block-heading\">Sonstiges<\/h3>\n\n\n\n<p>Dieses Impressum wurde erstellt mit Unterst\u00fctzung von <a href=\"https:\/\/www.e-recht24.de\" target=\"_blank\" rel=\"noreferrer noopener\">eRecht24<\/a>.<\/p>","protected":false},"excerpt":{"rendered":"<p>Angaben gem\u00e4\u00df \u00a7 5 TMG Damas Alemanas Ecuador Deutschland e.V.Wolfertsbronn 3391550 Dinkelsb\u00fchl Kontakt E-Mail: damasalemanas@yahoo.com Texte verfasst von Benita Schauer, au\u00dferWeihnachtsbasar 2023 der Damas Alemanas am 02.12.2023Einladung zum PBA-Benefizkonzert am 26. Juni 2024 um 19.00 UhrDamas mit eigener WebsiteNeues Sozialprojekt in San Roque: Finanzierung durch die Damas Alemanas mit Hilfe des deutschen Spendenprogramms Cents for [&hellip;]<\/p>","protected":false},"author":1,"featured_media":0,"parent":0,"menu_order":0,"comment_status":"closed","ping_status":"closed","template":"","meta":{"footnotes":""},"class_list":["post-6","page","type-page","status-publish","hentry"],"yoast_head":"<!-- This site is optimized with the Yoast SEO plugin v27.5 - https:\/\/yoast.com\/product\/yoast-seo-wordpress\/ -->\n<title>Impressum der Website der Damas Alemanas Ecuador und Deutschland<\/title>\n<meta name=\"description\" content=\"Sehen Sie hier das Impressum der Damas Alemanas Ecuador und Deutschland, um mehr \u00fcber die rechtlichen Aspekte zu erfahren.\" \/>\n<meta name=\"robots\" content=\"index, follow, max-snippet:-1, max-image-preview:large, max-video-preview:-1\" \/>\n<link rel=\"canonical\" href=\"https:\/\/damasalemanas.de\/esp\/impressum\/\" \/>\n<meta property=\"og:locale\" content=\"es_ES\" \/>\n<meta property=\"og:type\" content=\"article\" \/>\n<meta property=\"og:title\" content=\"Impressum der Website der Damas Alemanas Ecuador und Deutschland\" \/>\n<meta property=\"og:description\" content=\"Sehen Sie hier das Impressum der Damas Alemanas Ecuador und Deutschland, um mehr \u00fcber die rechtlichen Aspekte zu erfahren.\" \/>\n<meta property=\"og:url\" content=\"https:\/\/damasalemanas.de\/esp\/impressum\/\" \/>\n<meta property=\"og:site_name\" content=\"Damas Alemanas Ecuador\" \/>\n<meta property=\"article:modified_time\" content=\"2025-10-04T10:17:45+00:00\" \/>\n<meta name=\"twitter:card\" content=\"summary_large_image\" \/>\n<script type=\"application\/ld+json\" class=\"yoast-schema-graph\">{\"@context\":\"https:\\\/\\\/schema.org\",\"@graph\":[{\"@type\":\"WebPage\",\"@id\":\"https:\\\/\\\/damasalemanas.de\\\/impressum\\\/\",\"url\":\"https:\\\/\\\/damasalemanas.de\\\/impressum\\\/\",\"name\":\"Impressum der Website der Damas Alemanas Ecuador und Deutschland\",\"isPartOf\":{\"@id\":\"https:\\\/\\\/damasalemanas.de\\\/#website\"},\"datePublished\":\"2020-10-12T16:46:01+00:00\",\"dateModified\":\"2025-10-04T10:17:45+00:00\",\"description\":\"Sehen Sie hier das Impressum der Damas Alemanas Ecuador und Deutschland, um mehr \u00fcber die rechtlichen Aspekte zu erfahren.\",\"breadcrumb\":{\"@id\":\"https:\\\/\\\/damasalemanas.de\\\/impressum\\\/#breadcrumb\"},\"inLanguage\":\"es\",\"potentialAction\":[{\"@type\":\"ReadAction\",\"target\":[\"https:\\\/\\\/damasalemanas.de\\\/impressum\\\/\"]}]},{\"@type\":\"BreadcrumbList\",\"@id\":\"https:\\\/\\\/damasalemanas.de\\\/impressum\\\/#breadcrumb\",\"itemListElement\":[{\"@type\":\"ListItem\",\"position\":1,\"name\":\"Startseite\",\"item\":\"https:\\\/\\\/damasalemanas.de\\\/\"},{\"@type\":\"ListItem\",\"position\":2,\"name\":\"Impressum\"}]},{\"@type\":\"WebSite\",\"@id\":\"https:\\\/\\\/damasalemanas.de\\\/#website\",\"url\":\"https:\\\/\\\/damasalemanas.de\\\/\",\"name\":\"Damas Alemanas Ecuador\",\"description\":\"\",\"publisher\":{\"@id\":\"https:\\\/\\\/damasalemanas.de\\\/#organization\"},\"potentialAction\":[{\"@type\":\"SearchAction\",\"target\":{\"@type\":\"EntryPoint\",\"urlTemplate\":\"https:\\\/\\\/damasalemanas.de\\\/?s={search_term_string}\"},\"query-input\":{\"@type\":\"PropertyValueSpecification\",\"valueRequired\":true,\"valueName\":\"search_term_string\"}}],\"inLanguage\":\"es\"},{\"@type\":\"Organization\",\"@id\":\"https:\\\/\\\/damasalemanas.de\\\/#organization\",\"name\":\"Damas Alemanas Ecuador\",\"url\":\"https:\\\/\\\/damasalemanas.de\\\/\",\"logo\":{\"@type\":\"ImageObject\",\"inLanguage\":\"es\",\"@id\":\"https:\\\/\\\/damasalemanas.de\\\/#\\\/schema\\\/logo\\\/image\\\/\",\"url\":\"https:\\\/\\\/damasalemanas.de\\\/wp-content\\\/uploads\\\/2020\\\/10\\\/cropped-Logo-Damas-Alemanas-1.png\",\"contentUrl\":\"https:\\\/\\\/damasalemanas.de\\\/wp-content\\\/uploads\\\/2020\\\/10\\\/cropped-Logo-Damas-Alemanas-1.png\",\"width\":487,\"height\":260,\"caption\":\"Damas Alemanas Ecuador\"},\"image\":{\"@id\":\"https:\\\/\\\/damasalemanas.de\\\/#\\\/schema\\\/logo\\\/image\\\/\"}}]}<\/script>\n<!-- \/ Yoast SEO plugin. -->","yoast_head_json":{"title":"Impressum der Website der Damas Alemanas Ecuador und Deutschland","description":"Sehen Sie hier das Impressum der Damas Alemanas Ecuador und Deutschland, um mehr \u00fcber die rechtlichen Aspekte zu erfahren.","robots":{"index":"index","follow":"follow","max-snippet":"max-snippet:-1","max-image-preview":"max-image-preview:large","max-video-preview":"max-video-preview:-1"},"canonical":"https:\/\/damasalemanas.de\/esp\/impressum\/","og_locale":"es_ES","og_type":"article","og_title":"Impressum der Website der Damas Alemanas Ecuador und Deutschland","og_description":"Sehen Sie hier das Impressum der Damas Alemanas Ecuador und Deutschland, um mehr \u00fcber die rechtlichen Aspekte zu erfahren.","og_url":"https:\/\/damasalemanas.de\/esp\/impressum\/","og_site_name":"Damas Alemanas Ecuador","article_modified_time":"2025-10-04T10:17:45+00:00","twitter_card":"summary_large_image","schema":{"@context":"https:\/\/schema.org","@graph":[{"@type":"WebPage","@id":"https:\/\/damasalemanas.de\/impressum\/","url":"https:\/\/damasalemanas.de\/impressum\/","name":"Impressum der Website der Damas Alemanas Ecuador und Deutschland","isPartOf":{"@id":"https:\/\/damasalemanas.de\/#website"},"datePublished":"2020-10-12T16:46:01+00:00","dateModified":"2025-10-04T10:17:45+00:00","description":"Sehen Sie hier das Impressum der Damas Alemanas Ecuador und Deutschland, um mehr \u00fcber die rechtlichen Aspekte zu erfahren.","breadcrumb":{"@id":"https:\/\/damasalemanas.de\/impressum\/#breadcrumb"},"inLanguage":"es","potentialAction":[{"@type":"ReadAction","target":["https:\/\/damasalemanas.de\/impressum\/"]}]},{"@type":"BreadcrumbList","@id":"https:\/\/damasalemanas.de\/impressum\/#breadcrumb","itemListElement":[{"@type":"ListItem","position":1,"name":"Startseite","item":"https:\/\/damasalemanas.de\/"},{"@type":"ListItem","position":2,"name":"Impressum"}]},{"@type":"WebSite","@id":"https:\/\/damasalemanas.de\/#website","url":"https:\/\/damasalemanas.de\/","name":"Damas Alemanas Ecuador","description":"","publisher":{"@id":"https:\/\/damasalemanas.de\/#organization"},"potentialAction":[{"@type":"SearchAction","target":{"@type":"EntryPoint","urlTemplate":"https:\/\/damasalemanas.de\/?s={search_term_string}"},"query-input":{"@type":"PropertyValueSpecification","valueRequired":true,"valueName":"search_term_string"}}],"inLanguage":"es"},{"@type":"Organization","@id":"https:\/\/damasalemanas.de\/#organization","name":"Damas Alemanas Ecuador","url":"https:\/\/damasalemanas.de\/","logo":{"@type":"ImageObject","inLanguage":"es","@id":"https:\/\/damasalemanas.de\/#\/schema\/logo\/image\/","url":"https:\/\/damasalemanas.de\/wp-content\/uploads\/2020\/10\/cropped-Logo-Damas-Alemanas-1.png","contentUrl":"https:\/\/damasalemanas.de\/wp-content\/uploads\/2020\/10\/cropped-Logo-Damas-Alemanas-1.png","width":487,"height":260,"caption":"Damas Alemanas Ecuador"},"image":{"@id":"https:\/\/damasalemanas.de\/#\/schema\/logo\/image\/"}}]}},"_links":{"self":[{"href":"https:\/\/damasalemanas.de\/esp\/wp-json\/wp\/v2\/pages\/6","targetHints":{"allow":["GET"]}}],"collection":[{"href":"https:\/\/damasalemanas.de\/esp\/wp-json\/wp\/v2\/pages"}],"about":[{"href":"https:\/\/damasalemanas.de\/esp\/wp-json\/wp\/v2\/types\/page"}],"author":[{"embeddable":true,"href":"https:\/\/damasalemanas.de\/esp\/wp-json\/wp\/v2\/users\/1"}],"replies":[{"embeddable":true,"href":"https:\/\/damasalemanas.de\/esp\/wp-json\/wp\/v2\/comments?post=6"}],"version-history":[{"count":17,"href":"https:\/\/damasalemanas.de\/esp\/wp-json\/wp\/v2\/pages\/6\/revisions"}],"predecessor-version":[{"id":929,"href":"https:\/\/damasalemanas.de\/esp\/wp-json\/wp\/v2\/pages\/6\/revisions\/929"}],"wp:attachment":[{"href":"https:\/\/damasalemanas.de\/esp\/wp-json\/wp\/v2\/media?parent=6"}],"curies":[{"name":"wp","href":"https:\/\/api.w.org\/{rel}","templated":true}]}}