{"id":454,"date":"2021-01-14T20:30:18","date_gmt":"2021-01-14T19:30:18","guid":{"rendered":"https:\/\/damasalemanas.de\/?page_id=454"},"modified":"2021-01-14T20:30:19","modified_gmt":"2021-01-14T19:30:19","slug":"gesundheit","status":"publish","type":"page","link":"https:\/\/damasalemanas.de\/esp\/gesundheit\/","title":{"rendered":"Salud"},"content":{"rendered":"<div class=\"pt-cv-wrapper\"><div class=\"pt-cv-view pt-cv-grid pt-cv-colsys\" id=\"pt-cv-view-ade5db5ns4\"><div data-id=\"pt-cv-page-1\" class=\"pt-cv-page\" data-cvc=\"2\"><div class=\"col-md-6 col-sm-6 col-xs-12 pt-cv-content-item pt-cv-1-col\" ><div class='pt-cv-ifield'><a href=\"https:\/\/damasalemanas.de\/esp\/damas-alemanas-helfen-krebskranken-kindern-in-ecuador\/\" class=\"_self pt-cv-href-thumbnail pt-cv-thumb-default\" target=\"_self\" ><img loading=\"lazy\" decoding=\"async\" width=\"580\" height=\"326\" src=\"https:\/\/damasalemanas.de\/wp-content\/uploads\/2023\/03\/Zweimal-durch-Ecuador-fuer-eine-Chemotherapie-Foto-von-Benita-1024x576.jpg\" class=\"pt-cv-thumbnail\" alt=\"Die K\u00fchltasche ist essenzieller Bestandteil, um die Krebsmedikation f\u00fcr Pablo zu organisieren. Foto \u00a9 Benita Schauer\" srcset=\"https:\/\/damasalemanas.de\/wp-content\/uploads\/2023\/03\/Zweimal-durch-Ecuador-fuer-eine-Chemotherapie-Foto-von-Benita-1024x576.jpg 1024w, https:\/\/damasalemanas.de\/wp-content\/uploads\/2023\/03\/Zweimal-durch-Ecuador-fuer-eine-Chemotherapie-Foto-von-Benita-300x169.jpg 300w, https:\/\/damasalemanas.de\/wp-content\/uploads\/2023\/03\/Zweimal-durch-Ecuador-fuer-eine-Chemotherapie-Foto-von-Benita-768x432.jpg 768w, https:\/\/damasalemanas.de\/wp-content\/uploads\/2023\/03\/Zweimal-durch-Ecuador-fuer-eine-Chemotherapie-Foto-von-Benita-1536x864.jpg 1536w, https:\/\/damasalemanas.de\/wp-content\/uploads\/2023\/03\/Zweimal-durch-Ecuador-fuer-eine-Chemotherapie-Foto-von-Benita-18x10.jpg 18w, https:\/\/damasalemanas.de\/wp-content\/uploads\/2023\/03\/Zweimal-durch-Ecuador-fuer-eine-Chemotherapie-Foto-von-Benita-1200x675.jpg 1200w, https:\/\/damasalemanas.de\/wp-content\/uploads\/2023\/03\/Zweimal-durch-Ecuador-fuer-eine-Chemotherapie-Foto-von-Benita.jpg 1920w\" sizes=\"auto, (max-width: 580px) 100vw, 580px\" \/><\/a>\n<h3 class=\"pt-cv-title\"><a href=\"https:\/\/damasalemanas.de\/esp\/damas-alemanas-helfen-krebskranken-kindern-in-ecuador\/\" class=\"_self\" target=\"_self\" >Zweimal durch Ecuador fu\u0308r eine Chemotherapie<\/a><\/h3>\n<div class=\"pt-cv-content\">Der 13-j\u00e4hrige Pablo leidet am Hodgkin-Lymphom, einer seltenen Form von Lymphdr\u00fcsenkrebs. Deshalb wird er im staatlichen Hospital Baca Ortiz in ...<br \/><div class=\"pt-cv-rmwrap\"><a href=\"https:\/\/damasalemanas.de\/esp\/damas-alemanas-helfen-krebskranken-kindern-in-ecuador\/\" class=\"_self pt-cv-readmore btn btn-success\" target=\"_self\">Leer m\u00e1s<\/a><\/div><\/div><\/div><\/div>\n<div class=\"col-md-6 col-sm-6 col-xs-12 pt-cv-content-item pt-cv-1-col\" ><div class='pt-cv-ifield'><a href=\"https:\/\/damasalemanas.de\/esp\/ein-normales-leben-fuer-die-kleine-amelia\/\" class=\"_self pt-cv-href-thumbnail pt-cv-thumb-default\" target=\"_self\" ><img loading=\"lazy\" decoding=\"async\" width=\"580\" height=\"326\" src=\"https:\/\/damasalemanas.de\/wp-content\/uploads\/2022\/04\/Amelia-aus-Tonsupa-Titelbild-1024x576.jpg\" class=\"pt-cv-thumbnail\" alt=\"Die Damas Alemanas halfen Amelia und ihrer Mutter bei der Finanzierung der Reise nach Quito sowie mit Windeln und Creme. Foto \u00a9 Mar\u00eda Peter\" srcset=\"https:\/\/damasalemanas.de\/wp-content\/uploads\/2022\/04\/Amelia-aus-Tonsupa-Titelbild-1024x576.jpg 1024w, https:\/\/damasalemanas.de\/wp-content\/uploads\/2022\/04\/Amelia-aus-Tonsupa-Titelbild-300x169.jpg 300w, https:\/\/damasalemanas.de\/wp-content\/uploads\/2022\/04\/Amelia-aus-Tonsupa-Titelbild-768x432.jpg 768w, https:\/\/damasalemanas.de\/wp-content\/uploads\/2022\/04\/Amelia-aus-Tonsupa-Titelbild-1536x864.jpg 1536w, https:\/\/damasalemanas.de\/wp-content\/uploads\/2022\/04\/Amelia-aus-Tonsupa-Titelbild-18x10.jpg 18w, https:\/\/damasalemanas.de\/wp-content\/uploads\/2022\/04\/Amelia-aus-Tonsupa-Titelbild-1200x675.jpg 1200w, https:\/\/damasalemanas.de\/wp-content\/uploads\/2022\/04\/Amelia-aus-Tonsupa-Titelbild.jpg 1920w\" sizes=\"auto, (max-width: 580px) 100vw, 580px\" \/><\/a>\n<h3 class=\"pt-cv-title\"><a href=\"https:\/\/damasalemanas.de\/esp\/ein-normales-leben-fuer-die-kleine-amelia\/\" class=\"_self\" target=\"_self\" >Ein normales Leben f\u00fcr die kleine Amelia<\/a><\/h3>\n<div class=\"pt-cv-content\">Die zweij\u00e4hrige Amelia (Name ge\u00e4ndert) aus der K\u00fcstenstadt Esmeraldas wurde nach nur sechs Monaten Schwangerschaft mit einem Darmverschluss geboren. Seit ...<br \/><div class=\"pt-cv-rmwrap\"><a href=\"https:\/\/damasalemanas.de\/esp\/ein-normales-leben-fuer-die-kleine-amelia\/\" class=\"_self pt-cv-readmore btn btn-success\" target=\"_self\">Leer m\u00e1s<\/a><\/div><\/div><\/div><\/div>\n<div class=\"col-md-6 col-sm-6 col-xs-12 pt-cv-content-item pt-cv-1-col\" ><div class='pt-cv-ifield'><a href=\"https:\/\/damasalemanas.de\/esp\/chemotherapie-fuer-einen-monat\/\" class=\"_self pt-cv-href-thumbnail pt-cv-thumb-default\" target=\"_self\" ><img loading=\"lazy\" decoding=\"async\" width=\"580\" height=\"326\" src=\"https:\/\/damasalemanas.de\/wp-content\/uploads\/2022\/02\/Chemotherapie-fuer-einen-Monat-Yarennis-Herrera_Maria-Peter_Foto_Beatriz-Schlenker-1024x576.jpg\" class=\"pt-cv-thumbnail\" alt=\"Die \u00dcbergabe von Medikamenten f\u00fcr die Chemotherapie. Dr. Yarennis Herrera und Maria Peter (v.l.n.r.). Foto \u00a9 Beatriz Schlenker\" srcset=\"https:\/\/damasalemanas.de\/wp-content\/uploads\/2022\/02\/Chemotherapie-fuer-einen-Monat-Yarennis-Herrera_Maria-Peter_Foto_Beatriz-Schlenker-1024x576.jpg 1024w, https:\/\/damasalemanas.de\/wp-content\/uploads\/2022\/02\/Chemotherapie-fuer-einen-Monat-Yarennis-Herrera_Maria-Peter_Foto_Beatriz-Schlenker-300x169.jpg 300w, https:\/\/damasalemanas.de\/wp-content\/uploads\/2022\/02\/Chemotherapie-fuer-einen-Monat-Yarennis-Herrera_Maria-Peter_Foto_Beatriz-Schlenker-768x432.jpg 768w, https:\/\/damasalemanas.de\/wp-content\/uploads\/2022\/02\/Chemotherapie-fuer-einen-Monat-Yarennis-Herrera_Maria-Peter_Foto_Beatriz-Schlenker-1536x864.jpg 1536w, https:\/\/damasalemanas.de\/wp-content\/uploads\/2022\/02\/Chemotherapie-fuer-einen-Monat-Yarennis-Herrera_Maria-Peter_Foto_Beatriz-Schlenker-18x10.jpg 18w, https:\/\/damasalemanas.de\/wp-content\/uploads\/2022\/02\/Chemotherapie-fuer-einen-Monat-Yarennis-Herrera_Maria-Peter_Foto_Beatriz-Schlenker-1200x675.jpg 1200w, https:\/\/damasalemanas.de\/wp-content\/uploads\/2022\/02\/Chemotherapie-fuer-einen-Monat-Yarennis-Herrera_Maria-Peter_Foto_Beatriz-Schlenker.jpg 1920w\" sizes=\"auto, (max-width: 580px) 100vw, 580px\" \/><\/a>\n<h3 class=\"pt-cv-title\"><a href=\"https:\/\/damasalemanas.de\/esp\/chemotherapie-fuer-einen-monat\/\" class=\"_self\" target=\"_self\" >Chemotherapie f\u00fcr einen Monat<\/a><\/h3>\n<div class=\"pt-cv-content\">Viele Medikamente sind seit \u00fcber einem Jahr rar in den \u00f6ffentlichen Krankenh\u00e4usern Ecuadors. Leere Staatskassen und Korruption im \u00f6ffentlichen Gesundheitswesen ...<br \/><div class=\"pt-cv-rmwrap\"><a href=\"https:\/\/damasalemanas.de\/esp\/chemotherapie-fuer-einen-monat\/\" class=\"_self pt-cv-readmore btn btn-success\" target=\"_self\">Leer m\u00e1s<\/a><\/div><\/div><\/div><\/div>\n<div class=\"col-md-6 col-sm-6 col-xs-12 pt-cv-content-item pt-cv-1-col\" ><div class='pt-cv-ifield'><a href=\"https:\/\/damasalemanas.de\/esp\/arztbesuch-fuer-die-armen\/\" class=\"_self pt-cv-href-thumbnail pt-cv-thumb-default\" target=\"_self\" ><img loading=\"lazy\" decoding=\"async\" width=\"580\" height=\"327\" src=\"https:\/\/damasalemanas.de\/wp-content\/uploads\/2021\/09\/DrNelsonCarilloConsultorioMedico-1024x577.jpg\" class=\"pt-cv-thumbnail\" alt=\"Dr. Nelson Carillo behandelt Patienten in La Concepci\u00f3n ehrenamtlich. Foto \u00a9 Pfarrer Manuel Proa\u00f1o\" srcset=\"https:\/\/damasalemanas.de\/wp-content\/uploads\/2021\/09\/DrNelsonCarilloConsultorioMedico-1024x577.jpg 1024w, https:\/\/damasalemanas.de\/wp-content\/uploads\/2021\/09\/DrNelsonCarilloConsultorioMedico-300x169.jpg 300w, https:\/\/damasalemanas.de\/wp-content\/uploads\/2021\/09\/DrNelsonCarilloConsultorioMedico-768x433.jpg 768w, https:\/\/damasalemanas.de\/wp-content\/uploads\/2021\/09\/DrNelsonCarilloConsultorioMedico-1200x676.jpg 1200w, https:\/\/damasalemanas.de\/wp-content\/uploads\/2021\/09\/DrNelsonCarilloConsultorioMedico.jpg 1280w\" sizes=\"auto, (max-width: 580px) 100vw, 580px\" \/><\/a>\n<h3 class=\"pt-cv-title\"><a href=\"https:\/\/damasalemanas.de\/esp\/arztbesuch-fuer-die-armen\/\" class=\"_self\" target=\"_self\" >Arztbesuch f\u00fcr die Armen<\/a><\/h3>\n<div class=\"pt-cv-content\">\u201eWir sind hier zusammengekommen, um dieses so kleine, und doch so gro\u00dfe Geb\u00e4ude einzuweihen und zu segnen, das denen zu ...<br \/><div class=\"pt-cv-rmwrap\"><a href=\"https:\/\/damasalemanas.de\/esp\/arztbesuch-fuer-die-armen\/\" class=\"_self pt-cv-readmore btn btn-success\" target=\"_self\">Leer m\u00e1s<\/a><\/div><\/div><\/div><\/div>\n<div class=\"col-md-6 col-sm-6 col-xs-12 pt-cv-content-item pt-cv-1-col\" ><div class='pt-cv-ifield'><a href=\"https:\/\/damasalemanas.de\/esp\/helfen-wo-es-keinen-arzt-gibt\/\" class=\"_self pt-cv-href-thumbnail pt-cv-thumb-default\" target=\"_self\" ><img loading=\"lazy\" decoding=\"async\" width=\"580\" height=\"326\" src=\"https:\/\/damasalemanas.de\/wp-content\/uploads\/2021\/06\/Sprechstunde-in-Pinduyaku-1024x576.jpg\" class=\"pt-cv-thumbnail\" alt=\"Sprechstunde in Pinduyaku. Foto \u00a9 Dimitri Guldener\" srcset=\"https:\/\/damasalemanas.de\/wp-content\/uploads\/2021\/06\/Sprechstunde-in-Pinduyaku-1024x576.jpg 1024w, https:\/\/damasalemanas.de\/wp-content\/uploads\/2021\/06\/Sprechstunde-in-Pinduyaku-300x169.jpg 300w, https:\/\/damasalemanas.de\/wp-content\/uploads\/2021\/06\/Sprechstunde-in-Pinduyaku-768x432.jpg 768w, https:\/\/damasalemanas.de\/wp-content\/uploads\/2021\/06\/Sprechstunde-in-Pinduyaku-1200x675.jpg 1200w, https:\/\/damasalemanas.de\/wp-content\/uploads\/2021\/06\/Sprechstunde-in-Pinduyaku.jpg 1280w\" sizes=\"auto, (max-width: 580px) 100vw, 580px\" \/><\/a>\n<h3 class=\"pt-cv-title\"><a href=\"https:\/\/damasalemanas.de\/esp\/helfen-wo-es-keinen-arzt-gibt\/\" class=\"_self\" target=\"_self\" >Helfen, wo es keinen Arzt gibt<\/a><\/h3>\n<div class=\"pt-cv-content\">Das indigene Volk der S\u00e1para im Amazonas-Tiefland Ecuadors, an der Grenze zu Peru (Provinz Pastaza), umfasst nur noch 560 Menschen ...<br \/><div class=\"pt-cv-rmwrap\"><a href=\"https:\/\/damasalemanas.de\/esp\/helfen-wo-es-keinen-arzt-gibt\/\" class=\"_self pt-cv-readmore btn btn-success\" target=\"_self\">Leer m\u00e1s<\/a><\/div><\/div><\/div><\/div>\n<div class=\"col-md-6 col-sm-6 col-xs-12 pt-cv-content-item pt-cv-1-col\" ><div class='pt-cv-ifield'><a href=\"https:\/\/damasalemanas.de\/esp\/venezolanische-arzte-helfen-unterstutzung-der-damas-fur-neues-gesundheitszentrum\/\" class=\"_self pt-cv-href-thumbnail pt-cv-thumb-default\" target=\"_self\" ><img loading=\"lazy\" decoding=\"async\" width=\"580\" height=\"326\" src=\"https:\/\/damasalemanas.de\/wp-content\/uploads\/2021\/03\/Daniel-Regalado-venezolanische-Aerzte-helfen-Titelbild-2-1024x576.jpg\" class=\"pt-cv-thumbnail\" alt=\"Daniel Regalado (vorne rechts) mit seinem Team. Foto: Benita Schauer\" srcset=\"https:\/\/damasalemanas.de\/wp-content\/uploads\/2021\/03\/Daniel-Regalado-venezolanische-Aerzte-helfen-Titelbild-2-1024x576.jpg 1024w, https:\/\/damasalemanas.de\/wp-content\/uploads\/2021\/03\/Daniel-Regalado-venezolanische-Aerzte-helfen-Titelbild-2-300x169.jpg 300w, https:\/\/damasalemanas.de\/wp-content\/uploads\/2021\/03\/Daniel-Regalado-venezolanische-Aerzte-helfen-Titelbild-2-768x432.jpg 768w, https:\/\/damasalemanas.de\/wp-content\/uploads\/2021\/03\/Daniel-Regalado-venezolanische-Aerzte-helfen-Titelbild-2-1200x675.jpg 1200w, https:\/\/damasalemanas.de\/wp-content\/uploads\/2021\/03\/Daniel-Regalado-venezolanische-Aerzte-helfen-Titelbild-2.jpg 1280w\" sizes=\"auto, (max-width: 580px) 100vw, 580px\" \/><\/a>\n<h3 class=\"pt-cv-title\"><a href=\"https:\/\/damasalemanas.de\/esp\/venezolanische-arzte-helfen-unterstutzung-der-damas-fur-neues-gesundheitszentrum\/\" class=\"_self\" target=\"_self\" >Venezolanische \u00c4rzte helfen &#8211; Unterst\u00fctzung der Damas f\u00fcr neues Gesundheitszentrum<\/a><\/h3>\n<div class=\"pt-cv-content\">Im Zentrum Quitos, im Sektor El Ejido, wird eine Gruppe venezolanischer \u00c4rzte ab Mitte M\u00e4rz ein kleines Gesundheitszentrum er\u00f6ffnen. Dort ...<br \/><div class=\"pt-cv-rmwrap\"><a href=\"https:\/\/damasalemanas.de\/esp\/venezolanische-arzte-helfen-unterstutzung-der-damas-fur-neues-gesundheitszentrum\/\" class=\"_self pt-cv-readmore btn btn-success\" target=\"_self\">Leer m\u00e1s<\/a><\/div><\/div><\/div><\/div>\n<div class=\"col-md-6 col-sm-6 col-xs-12 pt-cv-content-item pt-cv-1-col\" ><div class='pt-cv-ifield'><a href=\"https:\/\/damasalemanas.de\/esp\/unser-partner-in-portoviejo-casalianza\/\" class=\"_self pt-cv-href-thumbnail pt-cv-thumb-default\" target=\"_self\" ><img loading=\"lazy\" decoding=\"async\" width=\"580\" height=\"326\" src=\"https:\/\/damasalemanas.de\/wp-content\/uploads\/2021\/02\/CASAlianza_Margarita_Alava-1024x576.jpeg\" class=\"pt-cv-thumbnail\" alt=\"Die fr\u00fchere Direktorin der Stiftung in der hauseigenen \u201eApotheke\u201c. Foto \u00a9 Cristhian Almeida\" srcset=\"https:\/\/damasalemanas.de\/wp-content\/uploads\/2021\/02\/CASAlianza_Margarita_Alava-1024x576.jpeg 1024w, https:\/\/damasalemanas.de\/wp-content\/uploads\/2021\/02\/CASAlianza_Margarita_Alava-300x169.jpeg 300w, https:\/\/damasalemanas.de\/wp-content\/uploads\/2021\/02\/CASAlianza_Margarita_Alava-768x432.jpeg 768w, https:\/\/damasalemanas.de\/wp-content\/uploads\/2021\/02\/CASAlianza_Margarita_Alava-1200x675.jpeg 1200w, https:\/\/damasalemanas.de\/wp-content\/uploads\/2021\/02\/CASAlianza_Margarita_Alava.jpeg 1280w\" sizes=\"auto, (max-width: 580px) 100vw, 580px\" \/><\/a>\n<h3 class=\"pt-cv-title\"><a href=\"https:\/\/damasalemanas.de\/esp\/unser-partner-in-portoviejo-casalianza\/\" class=\"_self\" target=\"_self\" >Unser Partner in Portoviejo: CASAlianza<\/a><\/h3>\n<div class=\"pt-cv-content\">Die christliche \u201eFundaci\u00f3n Centro de Apoyo y Solidaridad\u201c \u00a0ist vor ca. 25 Jahren in Portoviejo (Manab\u00ed) entstanden. Sie arbeitet eng ...<br \/><div class=\"pt-cv-rmwrap\"><a href=\"https:\/\/damasalemanas.de\/esp\/unser-partner-in-portoviejo-casalianza\/\" class=\"_self pt-cv-readmore btn btn-success\" target=\"_self\">Leer m\u00e1s<\/a><\/div><\/div><\/div><\/div>\n<div class=\"col-md-6 col-sm-6 col-xs-12 pt-cv-content-item pt-cv-1-col\" ><div class='pt-cv-ifield'><a href=\"https:\/\/damasalemanas.de\/esp\/weihnachten-in-der-fundacion-am-en\/\" class=\"_self pt-cv-href-thumbnail pt-cv-thumb-default\" target=\"_self\" ><img loading=\"lazy\" decoding=\"async\" width=\"580\" height=\"326\" src=\"https:\/\/damasalemanas.de\/wp-content\/uploads\/2021\/01\/Uebergabe-der-Weihnachtsgeschenke-an-die-Fundacion-AM-EN_Titelbild-1024x576.jpg\" class=\"pt-cv-thumbnail\" alt=\"2021 wurden von der Stiftung f\u00fcr die Patienten P\u00e4ckchen gepackt, die sie bei ihrer Therapiestunde \u00fcberreicht bekamen. Foto \u00a9 Heidi Balis\" srcset=\"https:\/\/damasalemanas.de\/wp-content\/uploads\/2021\/01\/Uebergabe-der-Weihnachtsgeschenke-an-die-Fundacion-AM-EN_Titelbild-1024x576.jpg 1024w, https:\/\/damasalemanas.de\/wp-content\/uploads\/2021\/01\/Uebergabe-der-Weihnachtsgeschenke-an-die-Fundacion-AM-EN_Titelbild-300x169.jpg 300w, https:\/\/damasalemanas.de\/wp-content\/uploads\/2021\/01\/Uebergabe-der-Weihnachtsgeschenke-an-die-Fundacion-AM-EN_Titelbild-768x432.jpg 768w, https:\/\/damasalemanas.de\/wp-content\/uploads\/2021\/01\/Uebergabe-der-Weihnachtsgeschenke-an-die-Fundacion-AM-EN_Titelbild-1200x675.jpg 1200w, https:\/\/damasalemanas.de\/wp-content\/uploads\/2021\/01\/Uebergabe-der-Weihnachtsgeschenke-an-die-Fundacion-AM-EN_Titelbild.jpg 1280w\" sizes=\"auto, (max-width: 580px) 100vw, 580px\" \/><\/a>\n<h3 class=\"pt-cv-title\"><a href=\"https:\/\/damasalemanas.de\/esp\/weihnachten-in-der-fundacion-am-en\/\" class=\"_self\" target=\"_self\" >Weihnachten in der Fundaci\u00f3n AM-EN<\/a><\/h3>\n<div class=\"pt-cv-content\">AM-EN steht f\u00fcr \u201eAmor\u201c und \u201eEnerg\u00eda\u201c, auf Deutsch Liebe und Energie. Die 1995 gegr\u00fcndete Stiftung bietet etwa 60 zum Teil ...<br \/><div class=\"pt-cv-rmwrap\"><a href=\"https:\/\/damasalemanas.de\/esp\/weihnachten-in-der-fundacion-am-en\/\" class=\"_self pt-cv-readmore btn btn-success\" target=\"_self\">Leer m\u00e1s<\/a><\/div><\/div><\/div><\/div><\/div><\/div><\/div>","protected":false},"excerpt":{"rendered":"","protected":false},"author":1,"featured_media":0,"parent":0,"menu_order":0,"comment_status":"closed","ping_status":"closed","template":"","meta":{"footnotes":""},"class_list":["post-454","page","type-page","status-publish","hentry"],"yoast_head":"<!-- This site is optimized with the Yoast SEO plugin v27.4 - https:\/\/yoast.com\/product\/yoast-seo-wordpress\/ -->\n<title>Gesundheit in Ecuador und wie die Damas Alemanas helfen<\/title>\n<meta name=\"description\" content=\"Hier finden Sie Beitr\u00e4ge \u00fcber Gesundheit in Ecuador und wie die Damas Alemanas helfen.\" \/>\n<meta name=\"robots\" content=\"index, follow, max-snippet:-1, max-image-preview:large, max-video-preview:-1\" \/>\n<link rel=\"canonical\" href=\"https:\/\/damasalemanas.de\/esp\/gesundheit\/\" \/>\n<meta property=\"og:locale\" content=\"es_ES\" \/>\n<meta property=\"og:type\" content=\"article\" \/>\n<meta property=\"og:title\" content=\"Gesundheit in Ecuador und wie die Damas Alemanas helfen\" \/>\n<meta property=\"og:description\" content=\"Hier finden Sie Beitr\u00e4ge \u00fcber Gesundheit in Ecuador und wie die Damas Alemanas helfen.\" \/>\n<meta property=\"og:url\" content=\"https:\/\/damasalemanas.de\/esp\/gesundheit\/\" \/>\n<meta property=\"og:site_name\" content=\"Damas Alemanas Ecuador\" \/>\n<meta property=\"article:modified_time\" content=\"2021-01-14T19:30:19+00:00\" \/>\n<meta name=\"twitter:card\" content=\"summary_large_image\" \/>\n<script type=\"application\/ld+json\" class=\"yoast-schema-graph\">{\"@context\":\"https:\\\/\\\/schema.org\",\"@graph\":[{\"@type\":\"WebPage\",\"@id\":\"https:\\\/\\\/damasalemanas.de\\\/gesundheit\\\/\",\"url\":\"https:\\\/\\\/damasalemanas.de\\\/gesundheit\\\/\",\"name\":\"Gesundheit in Ecuador und wie die Damas Alemanas helfen\",\"isPartOf\":{\"@id\":\"https:\\\/\\\/damasalemanas.de\\\/#website\"},\"datePublished\":\"2021-01-14T19:30:18+00:00\",\"dateModified\":\"2021-01-14T19:30:19+00:00\",\"description\":\"Hier finden Sie Beitr\u00e4ge \u00fcber Gesundheit in Ecuador und wie die Damas Alemanas helfen.\",\"breadcrumb\":{\"@id\":\"https:\\\/\\\/damasalemanas.de\\\/gesundheit\\\/#breadcrumb\"},\"inLanguage\":\"es\",\"potentialAction\":[{\"@type\":\"ReadAction\",\"target\":[\"https:\\\/\\\/damasalemanas.de\\\/gesundheit\\\/\"]}]},{\"@type\":\"BreadcrumbList\",\"@id\":\"https:\\\/\\\/damasalemanas.de\\\/gesundheit\\\/#breadcrumb\",\"itemListElement\":[{\"@type\":\"ListItem\",\"position\":1,\"name\":\"Startseite\",\"item\":\"https:\\\/\\\/damasalemanas.de\\\/\"},{\"@type\":\"ListItem\",\"position\":2,\"name\":\"Gesundheit\"}]},{\"@type\":\"WebSite\",\"@id\":\"https:\\\/\\\/damasalemanas.de\\\/#website\",\"url\":\"https:\\\/\\\/damasalemanas.de\\\/\",\"name\":\"Damas Alemanas Ecuador\",\"description\":\"\",\"publisher\":{\"@id\":\"https:\\\/\\\/damasalemanas.de\\\/#organization\"},\"potentialAction\":[{\"@type\":\"SearchAction\",\"target\":{\"@type\":\"EntryPoint\",\"urlTemplate\":\"https:\\\/\\\/damasalemanas.de\\\/?s={search_term_string}\"},\"query-input\":{\"@type\":\"PropertyValueSpecification\",\"valueRequired\":true,\"valueName\":\"search_term_string\"}}],\"inLanguage\":\"es\"},{\"@type\":\"Organization\",\"@id\":\"https:\\\/\\\/damasalemanas.de\\\/#organization\",\"name\":\"Damas Alemanas Ecuador\",\"url\":\"https:\\\/\\\/damasalemanas.de\\\/\",\"logo\":{\"@type\":\"ImageObject\",\"inLanguage\":\"es\",\"@id\":\"https:\\\/\\\/damasalemanas.de\\\/#\\\/schema\\\/logo\\\/image\\\/\",\"url\":\"https:\\\/\\\/damasalemanas.de\\\/wp-content\\\/uploads\\\/2020\\\/10\\\/cropped-Logo-Damas-Alemanas-1.png\",\"contentUrl\":\"https:\\\/\\\/damasalemanas.de\\\/wp-content\\\/uploads\\\/2020\\\/10\\\/cropped-Logo-Damas-Alemanas-1.png\",\"width\":487,\"height\":260,\"caption\":\"Damas Alemanas Ecuador\"},\"image\":{\"@id\":\"https:\\\/\\\/damasalemanas.de\\\/#\\\/schema\\\/logo\\\/image\\\/\"}}]}<\/script>\n<!-- \/ Yoast SEO plugin. -->","yoast_head_json":{"title":"Gesundheit in Ecuador und wie die Damas Alemanas helfen","description":"Hier finden Sie Beitr\u00e4ge \u00fcber Gesundheit in Ecuador und wie die Damas Alemanas helfen.","robots":{"index":"index","follow":"follow","max-snippet":"max-snippet:-1","max-image-preview":"max-image-preview:large","max-video-preview":"max-video-preview:-1"},"canonical":"https:\/\/damasalemanas.de\/esp\/gesundheit\/","og_locale":"es_ES","og_type":"article","og_title":"Gesundheit in Ecuador und wie die Damas Alemanas helfen","og_description":"Hier finden Sie Beitr\u00e4ge \u00fcber Gesundheit in Ecuador und wie die Damas Alemanas helfen.","og_url":"https:\/\/damasalemanas.de\/esp\/gesundheit\/","og_site_name":"Damas Alemanas Ecuador","article_modified_time":"2021-01-14T19:30:19+00:00","twitter_card":"summary_large_image","schema":{"@context":"https:\/\/schema.org","@graph":[{"@type":"WebPage","@id":"https:\/\/damasalemanas.de\/gesundheit\/","url":"https:\/\/damasalemanas.de\/gesundheit\/","name":"Gesundheit in Ecuador und wie die Damas Alemanas helfen","isPartOf":{"@id":"https:\/\/damasalemanas.de\/#website"},"datePublished":"2021-01-14T19:30:18+00:00","dateModified":"2021-01-14T19:30:19+00:00","description":"Hier finden Sie Beitr\u00e4ge \u00fcber Gesundheit in Ecuador und wie die Damas Alemanas helfen.","breadcrumb":{"@id":"https:\/\/damasalemanas.de\/gesundheit\/#breadcrumb"},"inLanguage":"es","potentialAction":[{"@type":"ReadAction","target":["https:\/\/damasalemanas.de\/gesundheit\/"]}]},{"@type":"BreadcrumbList","@id":"https:\/\/damasalemanas.de\/gesundheit\/#breadcrumb","itemListElement":[{"@type":"ListItem","position":1,"name":"Startseite","item":"https:\/\/damasalemanas.de\/"},{"@type":"ListItem","position":2,"name":"Gesundheit"}]},{"@type":"WebSite","@id":"https:\/\/damasalemanas.de\/#website","url":"https:\/\/damasalemanas.de\/","name":"Damas Alemanas Ecuador","description":"","publisher":{"@id":"https:\/\/damasalemanas.de\/#organization"},"potentialAction":[{"@type":"SearchAction","target":{"@type":"EntryPoint","urlTemplate":"https:\/\/damasalemanas.de\/?s={search_term_string}"},"query-input":{"@type":"PropertyValueSpecification","valueRequired":true,"valueName":"search_term_string"}}],"inLanguage":"es"},{"@type":"Organization","@id":"https:\/\/damasalemanas.de\/#organization","name":"Damas Alemanas Ecuador","url":"https:\/\/damasalemanas.de\/","logo":{"@type":"ImageObject","inLanguage":"es","@id":"https:\/\/damasalemanas.de\/#\/schema\/logo\/image\/","url":"https:\/\/damasalemanas.de\/wp-content\/uploads\/2020\/10\/cropped-Logo-Damas-Alemanas-1.png","contentUrl":"https:\/\/damasalemanas.de\/wp-content\/uploads\/2020\/10\/cropped-Logo-Damas-Alemanas-1.png","width":487,"height":260,"caption":"Damas Alemanas Ecuador"},"image":{"@id":"https:\/\/damasalemanas.de\/#\/schema\/logo\/image\/"}}]}},"_links":{"self":[{"href":"https:\/\/damasalemanas.de\/esp\/wp-json\/wp\/v2\/pages\/454","targetHints":{"allow":["GET"]}}],"collection":[{"href":"https:\/\/damasalemanas.de\/esp\/wp-json\/wp\/v2\/pages"}],"about":[{"href":"https:\/\/damasalemanas.de\/esp\/wp-json\/wp\/v2\/types\/page"}],"author":[{"embeddable":true,"href":"https:\/\/damasalemanas.de\/esp\/wp-json\/wp\/v2\/users\/1"}],"replies":[{"embeddable":true,"href":"https:\/\/damasalemanas.de\/esp\/wp-json\/wp\/v2\/comments?post=454"}],"version-history":[{"count":1,"href":"https:\/\/damasalemanas.de\/esp\/wp-json\/wp\/v2\/pages\/454\/revisions"}],"predecessor-version":[{"id":455,"href":"https:\/\/damasalemanas.de\/esp\/wp-json\/wp\/v2\/pages\/454\/revisions\/455"}],"wp:attachment":[{"href":"https:\/\/damasalemanas.de\/esp\/wp-json\/wp\/v2\/media?parent=454"}],"curies":[{"name":"wp","href":"https:\/\/api.w.org\/{rel}","templated":true}]}}