{"id":452,"date":"2021-01-14T20:29:34","date_gmt":"2021-01-14T19:29:34","guid":{"rendered":"https:\/\/damasalemanas.de\/?page_id=452"},"modified":"2021-01-14T20:29:36","modified_gmt":"2021-01-14T19:29:36","slug":"fluechtlinge","status":"publish","type":"page","link":"https:\/\/damasalemanas.de\/esp\/fluechtlinge\/","title":{"rendered":"Refugiados"},"content":{"rendered":"<div class=\"pt-cv-wrapper\"><div class=\"pt-cv-view pt-cv-grid pt-cv-colsys\" id=\"pt-cv-view-458e186v18\"><div data-id=\"pt-cv-page-1\" class=\"pt-cv-page\" data-cvc=\"2\"><div class=\"col-md-6 col-sm-6 col-xs-12 pt-cv-content-item pt-cv-1-col\" ><div class='pt-cv-ifield'><a href=\"https:\/\/damasalemanas.de\/esp\/lernen-nicht-hungern\/\" class=\"_self pt-cv-href-thumbnail pt-cv-thumb-default\" target=\"_self\" ><img loading=\"lazy\" decoding=\"async\" width=\"580\" height=\"326\" src=\"https:\/\/damasalemanas.de\/wp-content\/uploads\/2023\/09\/Paolo-und-Daniela-Titelbild-1024x576.jpeg\" class=\"pt-cv-thumbnail\" alt=\"Daniela und Paolo freuen sich \u00fcber die Unterst\u00fctzung der Damas. Foto \u00a9 Mutter der beiden\" srcset=\"https:\/\/damasalemanas.de\/wp-content\/uploads\/2023\/09\/Paolo-und-Daniela-Titelbild-1024x576.jpeg 1024w, https:\/\/damasalemanas.de\/wp-content\/uploads\/2023\/09\/Paolo-und-Daniela-Titelbild-300x169.jpeg 300w, https:\/\/damasalemanas.de\/wp-content\/uploads\/2023\/09\/Paolo-und-Daniela-Titelbild-768x432.jpeg 768w, https:\/\/damasalemanas.de\/wp-content\/uploads\/2023\/09\/Paolo-und-Daniela-Titelbild-1536x864.jpeg 1536w, https:\/\/damasalemanas.de\/wp-content\/uploads\/2023\/09\/Paolo-und-Daniela-Titelbild-18x10.jpeg 18w, https:\/\/damasalemanas.de\/wp-content\/uploads\/2023\/09\/Paolo-und-Daniela-Titelbild-1200x675.jpeg 1200w, https:\/\/damasalemanas.de\/wp-content\/uploads\/2023\/09\/Paolo-und-Daniela-Titelbild.jpeg 1920w\" sizes=\"auto, (max-width: 580px) 100vw, 580px\" \/><\/a>\n<h3 class=\"pt-cv-title\"><a href=\"https:\/\/damasalemanas.de\/esp\/lernen-nicht-hungern\/\" class=\"_self\" target=\"_self\" ><strong>Damit das Lernen, nicht der Hunger, im Mittelpunkt steht<\/strong><\/a><\/h3>\n<div class=\"pt-cv-content\">Paolo und Daniela (dies sind nicht ihre wirklichen Namen) besuchen die f\u00fcnfte und die neunte Klasse einer kleinen Schule in ...<br \/><div class=\"pt-cv-rmwrap\"><a href=\"https:\/\/damasalemanas.de\/esp\/lernen-nicht-hungern\/\" class=\"_self pt-cv-readmore btn btn-success\" target=\"_self\">Leer m\u00e1s<\/a><\/div><\/div><\/div><\/div>\n<div class=\"col-md-6 col-sm-6 col-xs-12 pt-cv-content-item pt-cv-1-col\" ><div class='pt-cv-ifield'><a href=\"https:\/\/damasalemanas.de\/esp\/damas-alemanas-helfen-bei-der-ausbildung-in-ecuador\/\" class=\"_self pt-cv-href-thumbnail pt-cv-thumb-default\" target=\"_self\" ><img loading=\"lazy\" decoding=\"async\" width=\"580\" height=\"326\" src=\"https:\/\/damasalemanas.de\/wp-content\/uploads\/2023\/03\/Ausbildung-garantiert-Zukunft-Copyright-Benita-Schauer-1024x576.jpg\" class=\"pt-cv-thumbnail\" alt=\"Ausbildung garantiert Zukunft. Auch f\u00fcr venezolanische Fl\u00fcchtlinge, wie etwa Wilmer. Foto \u00a9 Benita Schauer\" srcset=\"https:\/\/damasalemanas.de\/wp-content\/uploads\/2023\/03\/Ausbildung-garantiert-Zukunft-Copyright-Benita-Schauer-1024x576.jpg 1024w, https:\/\/damasalemanas.de\/wp-content\/uploads\/2023\/03\/Ausbildung-garantiert-Zukunft-Copyright-Benita-Schauer-300x169.jpg 300w, https:\/\/damasalemanas.de\/wp-content\/uploads\/2023\/03\/Ausbildung-garantiert-Zukunft-Copyright-Benita-Schauer-768x432.jpg 768w, https:\/\/damasalemanas.de\/wp-content\/uploads\/2023\/03\/Ausbildung-garantiert-Zukunft-Copyright-Benita-Schauer-1536x864.jpg 1536w, https:\/\/damasalemanas.de\/wp-content\/uploads\/2023\/03\/Ausbildung-garantiert-Zukunft-Copyright-Benita-Schauer-18x10.jpg 18w, https:\/\/damasalemanas.de\/wp-content\/uploads\/2023\/03\/Ausbildung-garantiert-Zukunft-Copyright-Benita-Schauer-1200x675.jpg 1200w, https:\/\/damasalemanas.de\/wp-content\/uploads\/2023\/03\/Ausbildung-garantiert-Zukunft-Copyright-Benita-Schauer.jpg 1920w\" sizes=\"auto, (max-width: 580px) 100vw, 580px\" \/><\/a>\n<h3 class=\"pt-cv-title\"><a href=\"https:\/\/damasalemanas.de\/esp\/damas-alemanas-helfen-bei-der-ausbildung-in-ecuador\/\" class=\"_self\" target=\"_self\" >Ausbildung garantiert Zukunft f\u00fcr venezolanische Fl\u00fcchtlinge<\/a><\/h3>\n<div class=\"pt-cv-content\">Der junge Venezolaner Wilmer (Name ge\u00e4ndert) schraubt konzentriert an dem Skelett eines alten Motorrads. \u201eDies ist unser Abschlussprojekt. Wir m\u00fcssen ...<br \/><div class=\"pt-cv-rmwrap\"><a href=\"https:\/\/damasalemanas.de\/esp\/damas-alemanas-helfen-bei-der-ausbildung-in-ecuador\/\" class=\"_self pt-cv-readmore btn btn-success\" target=\"_self\">Leer m\u00e1s<\/a><\/div><\/div><\/div><\/div>\n<div class=\"col-md-6 col-sm-6 col-xs-12 pt-cv-content-item pt-cv-1-col\" ><div class='pt-cv-ifield'><a href=\"https:\/\/damasalemanas.de\/esp\/nahrungsmittel-und-schulmaterial-fuer-blanca-vielma\/\" class=\"_self pt-cv-href-thumbnail pt-cv-thumb-default\" target=\"_self\" ><img loading=\"lazy\" decoding=\"async\" width=\"580\" height=\"326\" src=\"https:\/\/damasalemanas.de\/wp-content\/uploads\/2021\/10\/Nahrungsmittel-und-Schulmaterial-fuer-Blanca-Vielma-Foto-Jorge-Salazar-1024x576.jpg\" class=\"pt-cv-thumbnail\" alt=\"Die Damas unterst\u00fctzten Blanca Vielma mit Nahrungsmitteln und Schulmaterial. Foto \u00a9 Jorge Salazar\" srcset=\"https:\/\/damasalemanas.de\/wp-content\/uploads\/2021\/10\/Nahrungsmittel-und-Schulmaterial-fuer-Blanca-Vielma-Foto-Jorge-Salazar-1024x576.jpg 1024w, https:\/\/damasalemanas.de\/wp-content\/uploads\/2021\/10\/Nahrungsmittel-und-Schulmaterial-fuer-Blanca-Vielma-Foto-Jorge-Salazar-300x169.jpg 300w, https:\/\/damasalemanas.de\/wp-content\/uploads\/2021\/10\/Nahrungsmittel-und-Schulmaterial-fuer-Blanca-Vielma-Foto-Jorge-Salazar-768x432.jpg 768w, https:\/\/damasalemanas.de\/wp-content\/uploads\/2021\/10\/Nahrungsmittel-und-Schulmaterial-fuer-Blanca-Vielma-Foto-Jorge-Salazar-18x10.jpg 18w, https:\/\/damasalemanas.de\/wp-content\/uploads\/2021\/10\/Nahrungsmittel-und-Schulmaterial-fuer-Blanca-Vielma-Foto-Jorge-Salazar-1200x675.jpg 1200w, https:\/\/damasalemanas.de\/wp-content\/uploads\/2021\/10\/Nahrungsmittel-und-Schulmaterial-fuer-Blanca-Vielma-Foto-Jorge-Salazar.jpg 1280w\" sizes=\"auto, (max-width: 580px) 100vw, 580px\" \/><\/a>\n<h3 class=\"pt-cv-title\"><a href=\"https:\/\/damasalemanas.de\/esp\/nahrungsmittel-und-schulmaterial-fuer-blanca-vielma\/\" class=\"_self\" target=\"_self\" >Nahrungsmittel und Schulmaterial f\u00fcr Blanca Vielma<\/a><\/h3>\n<div class=\"pt-cv-content\">Am 11. August brach sich die Venezolanerin Blanca Vielma das Handgelenk, als sie gerade \u00a0als Tagel\u00f6hnerin in einem Garten arbeitete ...<br \/><div class=\"pt-cv-rmwrap\"><a href=\"https:\/\/damasalemanas.de\/esp\/nahrungsmittel-und-schulmaterial-fuer-blanca-vielma\/\" class=\"_self pt-cv-readmore btn btn-success\" target=\"_self\">Leer m\u00e1s<\/a><\/div><\/div><\/div><\/div>\n<div class=\"col-md-6 col-sm-6 col-xs-12 pt-cv-content-item pt-cv-1-col\" ><div class='pt-cv-ifield'><a href=\"https:\/\/damasalemanas.de\/esp\/venezolanische-fluechtlinge-in-ecuador\/\" class=\"_self pt-cv-href-thumbnail pt-cv-thumb-default\" target=\"_self\" ><img loading=\"lazy\" decoding=\"async\" width=\"580\" height=\"326\" src=\"https:\/\/damasalemanas.de\/wp-content\/uploads\/2021\/01\/Venezolanische-Fluechtlinge-Maria-Eugenia-Socas-Titelbild-1024x576.jpeg\" class=\"pt-cv-thumbnail\" alt=\"Maria Eugenia Socas (links) ist selbst aus Venezuela geflohen. Foto \u00a9 Benita Schauer\" srcset=\"https:\/\/damasalemanas.de\/wp-content\/uploads\/2021\/01\/Venezolanische-Fluechtlinge-Maria-Eugenia-Socas-Titelbild-1024x576.jpeg 1024w, https:\/\/damasalemanas.de\/wp-content\/uploads\/2021\/01\/Venezolanische-Fluechtlinge-Maria-Eugenia-Socas-Titelbild-300x169.jpeg 300w, https:\/\/damasalemanas.de\/wp-content\/uploads\/2021\/01\/Venezolanische-Fluechtlinge-Maria-Eugenia-Socas-Titelbild-768x432.jpeg 768w, https:\/\/damasalemanas.de\/wp-content\/uploads\/2021\/01\/Venezolanische-Fluechtlinge-Maria-Eugenia-Socas-Titelbild-1200x675.jpeg 1200w, https:\/\/damasalemanas.de\/wp-content\/uploads\/2021\/01\/Venezolanische-Fluechtlinge-Maria-Eugenia-Socas-Titelbild.jpeg 1280w\" sizes=\"auto, (max-width: 580px) 100vw, 580px\" \/><\/a>\n<h3 class=\"pt-cv-title\"><a href=\"https:\/\/damasalemanas.de\/esp\/venezolanische-fluechtlinge-in-ecuador\/\" class=\"_self\" target=\"_self\" >Venezolanische Fl\u00fcchtlinge in Ecuador<\/a><\/h3>\n<div class=\"pt-cv-content\">Rund 500.000 venezolanische Fl\u00fcchtlinge leben zur Zeit in Ecuador. Schon vor Beginn der Corona-Pandemie war es f\u00fcr sie schwierig, ihren ...<br \/><div class=\"pt-cv-rmwrap\"><a href=\"https:\/\/damasalemanas.de\/esp\/venezolanische-fluechtlinge-in-ecuador\/\" class=\"_self pt-cv-readmore btn btn-success\" target=\"_self\">Leer m\u00e1s<\/a><\/div><\/div><\/div><\/div><\/div><\/div><\/div>","protected":false},"excerpt":{"rendered":"","protected":false},"author":1,"featured_media":0,"parent":0,"menu_order":0,"comment_status":"closed","ping_status":"closed","template":"","meta":{"footnotes":""},"class_list":["post-452","page","type-page","status-publish","hentry"],"yoast_head":"<!-- This site is optimized with the Yoast SEO plugin v27.4 - https:\/\/yoast.com\/product\/yoast-seo-wordpress\/ -->\n<title>Fl\u00fcchtlinge in Ecuador und wie die Damas Alemanas helfen<\/title>\n<meta name=\"description\" content=\"Hier finden Sie Beitr\u00e4ge rund um Fl\u00fcchtlinge in Ecuador und wie die Damas Alemanas diesen helfen.\" \/>\n<meta name=\"robots\" content=\"index, follow, max-snippet:-1, max-image-preview:large, max-video-preview:-1\" \/>\n<link rel=\"canonical\" href=\"https:\/\/damasalemanas.de\/esp\/fluechtlinge\/\" \/>\n<meta property=\"og:locale\" content=\"es_ES\" \/>\n<meta property=\"og:type\" content=\"article\" \/>\n<meta property=\"og:title\" content=\"Fl\u00fcchtlinge in Ecuador und wie die Damas Alemanas helfen\" \/>\n<meta property=\"og:description\" content=\"Hier finden Sie Beitr\u00e4ge rund um Fl\u00fcchtlinge in Ecuador und wie die Damas Alemanas diesen helfen.\" \/>\n<meta property=\"og:url\" content=\"https:\/\/damasalemanas.de\/esp\/fluechtlinge\/\" \/>\n<meta property=\"og:site_name\" content=\"Damas Alemanas Ecuador\" \/>\n<meta property=\"article:modified_time\" content=\"2021-01-14T19:29:36+00:00\" \/>\n<meta name=\"twitter:card\" content=\"summary_large_image\" \/>\n<script type=\"application\/ld+json\" class=\"yoast-schema-graph\">{\"@context\":\"https:\\\/\\\/schema.org\",\"@graph\":[{\"@type\":\"WebPage\",\"@id\":\"https:\\\/\\\/damasalemanas.de\\\/fluechtlinge\\\/\",\"url\":\"https:\\\/\\\/damasalemanas.de\\\/fluechtlinge\\\/\",\"name\":\"Fl\u00fcchtlinge in Ecuador und wie die Damas Alemanas helfen\",\"isPartOf\":{\"@id\":\"https:\\\/\\\/damasalemanas.de\\\/#website\"},\"datePublished\":\"2021-01-14T19:29:34+00:00\",\"dateModified\":\"2021-01-14T19:29:36+00:00\",\"description\":\"Hier finden Sie Beitr\u00e4ge rund um Fl\u00fcchtlinge in Ecuador und wie die Damas Alemanas diesen helfen.\",\"breadcrumb\":{\"@id\":\"https:\\\/\\\/damasalemanas.de\\\/fluechtlinge\\\/#breadcrumb\"},\"inLanguage\":\"es\",\"potentialAction\":[{\"@type\":\"ReadAction\",\"target\":[\"https:\\\/\\\/damasalemanas.de\\\/fluechtlinge\\\/\"]}]},{\"@type\":\"BreadcrumbList\",\"@id\":\"https:\\\/\\\/damasalemanas.de\\\/fluechtlinge\\\/#breadcrumb\",\"itemListElement\":[{\"@type\":\"ListItem\",\"position\":1,\"name\":\"Startseite\",\"item\":\"https:\\\/\\\/damasalemanas.de\\\/\"},{\"@type\":\"ListItem\",\"position\":2,\"name\":\"Fl\u00fcchtlinge\"}]},{\"@type\":\"WebSite\",\"@id\":\"https:\\\/\\\/damasalemanas.de\\\/#website\",\"url\":\"https:\\\/\\\/damasalemanas.de\\\/\",\"name\":\"Damas Alemanas Ecuador\",\"description\":\"\",\"publisher\":{\"@id\":\"https:\\\/\\\/damasalemanas.de\\\/#organization\"},\"potentialAction\":[{\"@type\":\"SearchAction\",\"target\":{\"@type\":\"EntryPoint\",\"urlTemplate\":\"https:\\\/\\\/damasalemanas.de\\\/?s={search_term_string}\"},\"query-input\":{\"@type\":\"PropertyValueSpecification\",\"valueRequired\":true,\"valueName\":\"search_term_string\"}}],\"inLanguage\":\"es\"},{\"@type\":\"Organization\",\"@id\":\"https:\\\/\\\/damasalemanas.de\\\/#organization\",\"name\":\"Damas Alemanas Ecuador\",\"url\":\"https:\\\/\\\/damasalemanas.de\\\/\",\"logo\":{\"@type\":\"ImageObject\",\"inLanguage\":\"es\",\"@id\":\"https:\\\/\\\/damasalemanas.de\\\/#\\\/schema\\\/logo\\\/image\\\/\",\"url\":\"https:\\\/\\\/damasalemanas.de\\\/wp-content\\\/uploads\\\/2020\\\/10\\\/cropped-Logo-Damas-Alemanas-1.png\",\"contentUrl\":\"https:\\\/\\\/damasalemanas.de\\\/wp-content\\\/uploads\\\/2020\\\/10\\\/cropped-Logo-Damas-Alemanas-1.png\",\"width\":487,\"height\":260,\"caption\":\"Damas Alemanas Ecuador\"},\"image\":{\"@id\":\"https:\\\/\\\/damasalemanas.de\\\/#\\\/schema\\\/logo\\\/image\\\/\"}}]}<\/script>\n<!-- \/ Yoast SEO plugin. -->","yoast_head_json":{"title":"Fl\u00fcchtlinge in Ecuador und wie die Damas Alemanas helfen","description":"Hier finden Sie Beitr\u00e4ge rund um Fl\u00fcchtlinge in Ecuador und wie die Damas Alemanas diesen helfen.","robots":{"index":"index","follow":"follow","max-snippet":"max-snippet:-1","max-image-preview":"max-image-preview:large","max-video-preview":"max-video-preview:-1"},"canonical":"https:\/\/damasalemanas.de\/esp\/fluechtlinge\/","og_locale":"es_ES","og_type":"article","og_title":"Fl\u00fcchtlinge in Ecuador und wie die Damas Alemanas helfen","og_description":"Hier finden Sie Beitr\u00e4ge rund um Fl\u00fcchtlinge in Ecuador und wie die Damas Alemanas diesen helfen.","og_url":"https:\/\/damasalemanas.de\/esp\/fluechtlinge\/","og_site_name":"Damas Alemanas Ecuador","article_modified_time":"2021-01-14T19:29:36+00:00","twitter_card":"summary_large_image","schema":{"@context":"https:\/\/schema.org","@graph":[{"@type":"WebPage","@id":"https:\/\/damasalemanas.de\/fluechtlinge\/","url":"https:\/\/damasalemanas.de\/fluechtlinge\/","name":"Fl\u00fcchtlinge in Ecuador und wie die Damas Alemanas helfen","isPartOf":{"@id":"https:\/\/damasalemanas.de\/#website"},"datePublished":"2021-01-14T19:29:34+00:00","dateModified":"2021-01-14T19:29:36+00:00","description":"Hier finden Sie Beitr\u00e4ge rund um Fl\u00fcchtlinge in Ecuador und wie die Damas Alemanas diesen helfen.","breadcrumb":{"@id":"https:\/\/damasalemanas.de\/fluechtlinge\/#breadcrumb"},"inLanguage":"es","potentialAction":[{"@type":"ReadAction","target":["https:\/\/damasalemanas.de\/fluechtlinge\/"]}]},{"@type":"BreadcrumbList","@id":"https:\/\/damasalemanas.de\/fluechtlinge\/#breadcrumb","itemListElement":[{"@type":"ListItem","position":1,"name":"Startseite","item":"https:\/\/damasalemanas.de\/"},{"@type":"ListItem","position":2,"name":"Fl\u00fcchtlinge"}]},{"@type":"WebSite","@id":"https:\/\/damasalemanas.de\/#website","url":"https:\/\/damasalemanas.de\/","name":"Damas Alemanas Ecuador","description":"","publisher":{"@id":"https:\/\/damasalemanas.de\/#organization"},"potentialAction":[{"@type":"SearchAction","target":{"@type":"EntryPoint","urlTemplate":"https:\/\/damasalemanas.de\/?s={search_term_string}"},"query-input":{"@type":"PropertyValueSpecification","valueRequired":true,"valueName":"search_term_string"}}],"inLanguage":"es"},{"@type":"Organization","@id":"https:\/\/damasalemanas.de\/#organization","name":"Damas Alemanas Ecuador","url":"https:\/\/damasalemanas.de\/","logo":{"@type":"ImageObject","inLanguage":"es","@id":"https:\/\/damasalemanas.de\/#\/schema\/logo\/image\/","url":"https:\/\/damasalemanas.de\/wp-content\/uploads\/2020\/10\/cropped-Logo-Damas-Alemanas-1.png","contentUrl":"https:\/\/damasalemanas.de\/wp-content\/uploads\/2020\/10\/cropped-Logo-Damas-Alemanas-1.png","width":487,"height":260,"caption":"Damas Alemanas Ecuador"},"image":{"@id":"https:\/\/damasalemanas.de\/#\/schema\/logo\/image\/"}}]}},"_links":{"self":[{"href":"https:\/\/damasalemanas.de\/esp\/wp-json\/wp\/v2\/pages\/452","targetHints":{"allow":["GET"]}}],"collection":[{"href":"https:\/\/damasalemanas.de\/esp\/wp-json\/wp\/v2\/pages"}],"about":[{"href":"https:\/\/damasalemanas.de\/esp\/wp-json\/wp\/v2\/types\/page"}],"author":[{"embeddable":true,"href":"https:\/\/damasalemanas.de\/esp\/wp-json\/wp\/v2\/users\/1"}],"replies":[{"embeddable":true,"href":"https:\/\/damasalemanas.de\/esp\/wp-json\/wp\/v2\/comments?post=452"}],"version-history":[{"count":1,"href":"https:\/\/damasalemanas.de\/esp\/wp-json\/wp\/v2\/pages\/452\/revisions"}],"predecessor-version":[{"id":453,"href":"https:\/\/damasalemanas.de\/esp\/wp-json\/wp\/v2\/pages\/452\/revisions\/453"}],"wp:attachment":[{"href":"https:\/\/damasalemanas.de\/esp\/wp-json\/wp\/v2\/media?parent=452"}],"curies":[{"name":"wp","href":"https:\/\/api.w.org\/{rel}","templated":true}]}}