{"id":24,"date":"2020-10-12T18:55:17","date_gmt":"2020-10-12T16:55:17","guid":{"rendered":"http:\/\/damas.biebeler.com\/?page_id=24"},"modified":"2025-04-08T16:25:07","modified_gmt":"2025-04-08T14:25:07","slug":"damas-alemanas-ecuador","status":"publish","type":"page","link":"https:\/\/damasalemanas.de\/esp\/damas-alemanas-ecuador\/","title":{"rendered":"Damas Alemanas Ecuador"},"content":{"rendered":"<p><\/p>\n\n\n\n<p>Wir unterst\u00fctzen die \u00e4rmsten Bev\u00f6lkerungsschichten in Ecuador. Das tun wir im p\u00e4dagogischen Bereich (Stipendien f\u00fcr Schulkinder, Mutter-Kind-Einrichtungen, F\u00f6rderung von Kinderg\u00e4rten &#8230;). Im medizinischen Bereich finanzieren wir Therapien f\u00fcr Kinder mit k\u00f6rperlichen und geistigen Behinderungen und helfen in akuten medizinischen Notf\u00e4llen. Auch unterst\u00fctzen wir in Notsituationen wie Erdbeben, Vulkanausbr\u00fcche oder bei Einzelschicksalen. <a href=\"https:\/\/benitaschauer.de\/leben-und-gesellschaft\/unser-motto-ist-die-tat-der-hilfsverein-der-damas-alemanas\/\" target=\"_blank\" rel=\"noreferrer noopener\">Benita Schauer schreibt an dieser Stelle eine umfangreichere Darstellung \u00fcber uns Damas<\/a>.<\/p>\n\n\n\n<h2 class=\"wp-block-heading\">Wie finanzieren wir uns?<\/h2>\n\n\n\n<p>Wir arbeiten allesamt ehrenamtlich und finanzieren uns durch Veranstaltungen. Hierzu geh\u00f6ren der Weihnachtsbasar und der Osterbasar in Quito. Weiterhin sind wir auf unsere Mitgliedsbeitr\u00e4ge sowie <a href=\"https:\/\/damasalemanas.de\/esp\/helfen\/\">Spenden<\/a> angewiesen.<\/p>\n\n\n\n<h2 class=\"wp-block-heading\">Warum diese Website?<\/h2>\n\n\n\n<p>Wir m\u00f6chten Sie mit <a href=\"https:\/\/damasalemanas.de\/esp\/damas-mit-eigener-website\/\">dieser Website<\/a> auf dem Laufenden halten. Sie finden hier Informationen und Neuigkeiten \u00fcber einzelne Projekte, spannende Einblicke in die ecuadorianische Gesellschaft oder auch interessantes rund um Veranstaltungen der Damas Alemanas. Wir bringen Ihnen die ecuadorianische Welt n\u00e4her und wollen Ihnen die M\u00f6glichkeit geben teilzuhaben und zu unterst\u00fctzen.<\/p>","protected":false},"excerpt":{"rendered":"<p>Wir unterst\u00fctzen die \u00e4rmsten Bev\u00f6lkerungsschichten in Ecuador. Das tun wir im p\u00e4dagogischen Bereich (Stipendien f\u00fcr Schulkinder, Mutter-Kind-Einrichtungen, F\u00f6rderung von Kinderg\u00e4rten &#8230;). Im medizinischen Bereich finanzieren wir Therapien f\u00fcr Kinder mit k\u00f6rperlichen und geistigen Behinderungen und helfen in akuten medizinischen Notf\u00e4llen. Auch unterst\u00fctzen wir in Notsituationen wie Erdbeben, Vulkanausbr\u00fcche oder bei Einzelschicksalen. Benita Schauer schreibt an [&hellip;]<\/p>","protected":false},"author":1,"featured_media":915,"parent":0,"menu_order":0,"comment_status":"closed","ping_status":"closed","template":"","meta":{"footnotes":""},"class_list":["post-24","page","type-page","status-publish","has-post-thumbnail","hentry"],"yoast_head":"<!-- This site is optimized with the Yoast SEO plugin v27.5 - https:\/\/yoast.com\/product\/yoast-seo-wordpress\/ -->\n<title>Erfahren Sie mehr \u00fcber die Damas Alemanas Ecuador und Deutschland<\/title>\n<meta name=\"description\" content=\"Hier erfahren Sie ein wenig mehr \u00fcber die Damas Alemanas Ecuador und Deutschland. Lernen Sie unsere Schwerpunkte kennen.\" \/>\n<meta name=\"robots\" content=\"index, follow, max-snippet:-1, max-image-preview:large, max-video-preview:-1\" \/>\n<link rel=\"canonical\" href=\"https:\/\/damasalemanas.de\/esp\/damas-alemanas-ecuador\/\" \/>\n<meta property=\"og:locale\" content=\"es_ES\" \/>\n<meta property=\"og:type\" content=\"article\" \/>\n<meta property=\"og:title\" content=\"Erfahren Sie mehr \u00fcber die Damas Alemanas Ecuador und Deutschland\" \/>\n<meta property=\"og:description\" content=\"Hier erfahren Sie ein wenig mehr \u00fcber die Damas Alemanas Ecuador und Deutschland. Lernen Sie unsere Schwerpunkte kennen.\" \/>\n<meta property=\"og:url\" content=\"https:\/\/damasalemanas.de\/esp\/damas-alemanas-ecuador\/\" \/>\n<meta property=\"og:site_name\" content=\"Damas Alemanas Ecuador\" \/>\n<meta property=\"article:modified_time\" content=\"2025-04-08T14:25:07+00:00\" \/>\n<meta property=\"og:image\" content=\"https:\/\/damasalemanas.de\/wp-content\/uploads\/2025\/04\/Neuer-Vorstand-bei-den-Damas-Alemanas-Ecuador-Titelbild.jpeg\" \/>\n\t<meta property=\"og:image:width\" content=\"1920\" \/>\n\t<meta property=\"og:image:height\" content=\"1080\" \/>\n\t<meta property=\"og:image:type\" content=\"image\/jpeg\" \/>\n<meta name=\"twitter:card\" content=\"summary_large_image\" \/>\n<script type=\"application\/ld+json\" class=\"yoast-schema-graph\">{\"@context\":\"https:\\\/\\\/schema.org\",\"@graph\":[{\"@type\":\"WebPage\",\"@id\":\"https:\\\/\\\/damasalemanas.de\\\/damas-alemanas-ecuador\\\/\",\"url\":\"https:\\\/\\\/damasalemanas.de\\\/damas-alemanas-ecuador\\\/\",\"name\":\"Erfahren Sie mehr \u00fcber die Damas Alemanas Ecuador und Deutschland\",\"isPartOf\":{\"@id\":\"https:\\\/\\\/damasalemanas.de\\\/#website\"},\"primaryImageOfPage\":{\"@id\":\"https:\\\/\\\/damasalemanas.de\\\/damas-alemanas-ecuador\\\/#primaryimage\"},\"image\":{\"@id\":\"https:\\\/\\\/damasalemanas.de\\\/damas-alemanas-ecuador\\\/#primaryimage\"},\"thumbnailUrl\":\"https:\\\/\\\/damasalemanas.de\\\/wp-content\\\/uploads\\\/2025\\\/04\\\/Neuer-Vorstand-bei-den-Damas-Alemanas-Ecuador-Titelbild.jpeg\",\"datePublished\":\"2020-10-12T16:55:17+00:00\",\"dateModified\":\"2025-04-08T14:25:07+00:00\",\"description\":\"Hier erfahren Sie ein wenig mehr \u00fcber die Damas Alemanas Ecuador und Deutschland. Lernen Sie unsere Schwerpunkte kennen.\",\"breadcrumb\":{\"@id\":\"https:\\\/\\\/damasalemanas.de\\\/damas-alemanas-ecuador\\\/#breadcrumb\"},\"inLanguage\":\"es\",\"potentialAction\":[{\"@type\":\"ReadAction\",\"target\":[\"https:\\\/\\\/damasalemanas.de\\\/damas-alemanas-ecuador\\\/\"]}]},{\"@type\":\"ImageObject\",\"inLanguage\":\"es\",\"@id\":\"https:\\\/\\\/damasalemanas.de\\\/damas-alemanas-ecuador\\\/#primaryimage\",\"url\":\"https:\\\/\\\/damasalemanas.de\\\/wp-content\\\/uploads\\\/2025\\\/04\\\/Neuer-Vorstand-bei-den-Damas-Alemanas-Ecuador-Titelbild.jpeg\",\"contentUrl\":\"https:\\\/\\\/damasalemanas.de\\\/wp-content\\\/uploads\\\/2025\\\/04\\\/Neuer-Vorstand-bei-den-Damas-Alemanas-Ecuador-Titelbild.jpeg\",\"width\":1920,\"height\":1080,\"caption\":\"Der neue Vorstand der Damas Alemanas (von links nach rechts): Aiko Bachmann, Susanne Scheuble, Martina Volkmann, Gabi Obermayer (c) Maria Jaimes\"},{\"@type\":\"BreadcrumbList\",\"@id\":\"https:\\\/\\\/damasalemanas.de\\\/damas-alemanas-ecuador\\\/#breadcrumb\",\"itemListElement\":[{\"@type\":\"ListItem\",\"position\":1,\"name\":\"Startseite\",\"item\":\"https:\\\/\\\/damasalemanas.de\\\/\"},{\"@type\":\"ListItem\",\"position\":2,\"name\":\"Damas Alemanas Ecuador\"}]},{\"@type\":\"WebSite\",\"@id\":\"https:\\\/\\\/damasalemanas.de\\\/#website\",\"url\":\"https:\\\/\\\/damasalemanas.de\\\/\",\"name\":\"Damas Alemanas Ecuador\",\"description\":\"\",\"publisher\":{\"@id\":\"https:\\\/\\\/damasalemanas.de\\\/#organization\"},\"potentialAction\":[{\"@type\":\"SearchAction\",\"target\":{\"@type\":\"EntryPoint\",\"urlTemplate\":\"https:\\\/\\\/damasalemanas.de\\\/?s={search_term_string}\"},\"query-input\":{\"@type\":\"PropertyValueSpecification\",\"valueRequired\":true,\"valueName\":\"search_term_string\"}}],\"inLanguage\":\"es\"},{\"@type\":\"Organization\",\"@id\":\"https:\\\/\\\/damasalemanas.de\\\/#organization\",\"name\":\"Damas Alemanas Ecuador\",\"url\":\"https:\\\/\\\/damasalemanas.de\\\/\",\"logo\":{\"@type\":\"ImageObject\",\"inLanguage\":\"es\",\"@id\":\"https:\\\/\\\/damasalemanas.de\\\/#\\\/schema\\\/logo\\\/image\\\/\",\"url\":\"https:\\\/\\\/damasalemanas.de\\\/wp-content\\\/uploads\\\/2020\\\/10\\\/cropped-Logo-Damas-Alemanas-1.png\",\"contentUrl\":\"https:\\\/\\\/damasalemanas.de\\\/wp-content\\\/uploads\\\/2020\\\/10\\\/cropped-Logo-Damas-Alemanas-1.png\",\"width\":487,\"height\":260,\"caption\":\"Damas Alemanas Ecuador\"},\"image\":{\"@id\":\"https:\\\/\\\/damasalemanas.de\\\/#\\\/schema\\\/logo\\\/image\\\/\"}}]}<\/script>\n<!-- \/ Yoast SEO plugin. -->","yoast_head_json":{"title":"Erfahren Sie mehr \u00fcber die Damas Alemanas Ecuador und Deutschland","description":"Hier erfahren Sie ein wenig mehr \u00fcber die Damas Alemanas Ecuador und Deutschland. Lernen Sie unsere Schwerpunkte kennen.","robots":{"index":"index","follow":"follow","max-snippet":"max-snippet:-1","max-image-preview":"max-image-preview:large","max-video-preview":"max-video-preview:-1"},"canonical":"https:\/\/damasalemanas.de\/esp\/damas-alemanas-ecuador\/","og_locale":"es_ES","og_type":"article","og_title":"Erfahren Sie mehr \u00fcber die Damas Alemanas Ecuador und Deutschland","og_description":"Hier erfahren Sie ein wenig mehr \u00fcber die Damas Alemanas Ecuador und Deutschland. Lernen Sie unsere Schwerpunkte kennen.","og_url":"https:\/\/damasalemanas.de\/esp\/damas-alemanas-ecuador\/","og_site_name":"Damas Alemanas Ecuador","article_modified_time":"2025-04-08T14:25:07+00:00","og_image":[{"width":1920,"height":1080,"url":"https:\/\/damasalemanas.de\/wp-content\/uploads\/2025\/04\/Neuer-Vorstand-bei-den-Damas-Alemanas-Ecuador-Titelbild.jpeg","type":"image\/jpeg"}],"twitter_card":"summary_large_image","schema":{"@context":"https:\/\/schema.org","@graph":[{"@type":"WebPage","@id":"https:\/\/damasalemanas.de\/damas-alemanas-ecuador\/","url":"https:\/\/damasalemanas.de\/damas-alemanas-ecuador\/","name":"Erfahren Sie mehr \u00fcber die Damas Alemanas Ecuador und Deutschland","isPartOf":{"@id":"https:\/\/damasalemanas.de\/#website"},"primaryImageOfPage":{"@id":"https:\/\/damasalemanas.de\/damas-alemanas-ecuador\/#primaryimage"},"image":{"@id":"https:\/\/damasalemanas.de\/damas-alemanas-ecuador\/#primaryimage"},"thumbnailUrl":"https:\/\/damasalemanas.de\/wp-content\/uploads\/2025\/04\/Neuer-Vorstand-bei-den-Damas-Alemanas-Ecuador-Titelbild.jpeg","datePublished":"2020-10-12T16:55:17+00:00","dateModified":"2025-04-08T14:25:07+00:00","description":"Hier erfahren Sie ein wenig mehr \u00fcber die Damas Alemanas Ecuador und Deutschland. Lernen Sie unsere Schwerpunkte kennen.","breadcrumb":{"@id":"https:\/\/damasalemanas.de\/damas-alemanas-ecuador\/#breadcrumb"},"inLanguage":"es","potentialAction":[{"@type":"ReadAction","target":["https:\/\/damasalemanas.de\/damas-alemanas-ecuador\/"]}]},{"@type":"ImageObject","inLanguage":"es","@id":"https:\/\/damasalemanas.de\/damas-alemanas-ecuador\/#primaryimage","url":"https:\/\/damasalemanas.de\/wp-content\/uploads\/2025\/04\/Neuer-Vorstand-bei-den-Damas-Alemanas-Ecuador-Titelbild.jpeg","contentUrl":"https:\/\/damasalemanas.de\/wp-content\/uploads\/2025\/04\/Neuer-Vorstand-bei-den-Damas-Alemanas-Ecuador-Titelbild.jpeg","width":1920,"height":1080,"caption":"Der neue Vorstand der Damas Alemanas (von links nach rechts): Aiko Bachmann, Susanne Scheuble, Martina Volkmann, Gabi Obermayer (c) Maria Jaimes"},{"@type":"BreadcrumbList","@id":"https:\/\/damasalemanas.de\/damas-alemanas-ecuador\/#breadcrumb","itemListElement":[{"@type":"ListItem","position":1,"name":"Startseite","item":"https:\/\/damasalemanas.de\/"},{"@type":"ListItem","position":2,"name":"Damas Alemanas Ecuador"}]},{"@type":"WebSite","@id":"https:\/\/damasalemanas.de\/#website","url":"https:\/\/damasalemanas.de\/","name":"Damas Alemanas Ecuador","description":"","publisher":{"@id":"https:\/\/damasalemanas.de\/#organization"},"potentialAction":[{"@type":"SearchAction","target":{"@type":"EntryPoint","urlTemplate":"https:\/\/damasalemanas.de\/?s={search_term_string}"},"query-input":{"@type":"PropertyValueSpecification","valueRequired":true,"valueName":"search_term_string"}}],"inLanguage":"es"},{"@type":"Organization","@id":"https:\/\/damasalemanas.de\/#organization","name":"Damas Alemanas Ecuador","url":"https:\/\/damasalemanas.de\/","logo":{"@type":"ImageObject","inLanguage":"es","@id":"https:\/\/damasalemanas.de\/#\/schema\/logo\/image\/","url":"https:\/\/damasalemanas.de\/wp-content\/uploads\/2020\/10\/cropped-Logo-Damas-Alemanas-1.png","contentUrl":"https:\/\/damasalemanas.de\/wp-content\/uploads\/2020\/10\/cropped-Logo-Damas-Alemanas-1.png","width":487,"height":260,"caption":"Damas Alemanas Ecuador"},"image":{"@id":"https:\/\/damasalemanas.de\/#\/schema\/logo\/image\/"}}]}},"_links":{"self":[{"href":"https:\/\/damasalemanas.de\/esp\/wp-json\/wp\/v2\/pages\/24","targetHints":{"allow":["GET"]}}],"collection":[{"href":"https:\/\/damasalemanas.de\/esp\/wp-json\/wp\/v2\/pages"}],"about":[{"href":"https:\/\/damasalemanas.de\/esp\/wp-json\/wp\/v2\/types\/page"}],"author":[{"embeddable":true,"href":"https:\/\/damasalemanas.de\/esp\/wp-json\/wp\/v2\/users\/1"}],"replies":[{"embeddable":true,"href":"https:\/\/damasalemanas.de\/esp\/wp-json\/wp\/v2\/comments?post=24"}],"version-history":[{"count":11,"href":"https:\/\/damasalemanas.de\/esp\/wp-json\/wp\/v2\/pages\/24\/revisions"}],"predecessor-version":[{"id":901,"href":"https:\/\/damasalemanas.de\/esp\/wp-json\/wp\/v2\/pages\/24\/revisions\/901"}],"wp:featuredmedia":[{"embeddable":true,"href":"https:\/\/damasalemanas.de\/esp\/wp-json\/wp\/v2\/media\/915"}],"wp:attachment":[{"href":"https:\/\/damasalemanas.de\/esp\/wp-json\/wp\/v2\/media?parent=24"}],"curies":[{"name":"wp","href":"https:\/\/api.w.org\/{rel}","templated":true}]}}